{"id":296,"date":"2025-09-21T23:25:20","date_gmt":"2025-09-21T21:25:20","guid":{"rendered":"https:\/\/rysunek.org\/?page_id=296"},"modified":"2025-10-12T20:54:56","modified_gmt":"2025-10-12T18:54:56","slug":"rysunek-akademicki","status":"publish","type":"page","link":"https:\/\/rysunek.org\/index.php\/rysunek-akademicki\/","title":{"rendered":"Rysunek akademicki"},"content":{"rendered":"<div data-colibri-id=\"296-c1\" class=\"style-227 style-local-296-c1 position-relative\">\r\n  <!---->\r\n  <div data-colibri-component=\"section\" data-colibri-id=\"296-c2\" id=\"custom\" class=\"h-section h-section-global-spacing d-flex align-items-lg-center align-items-md-center align-items-center style-228 style-local-296-c2 position-relative\">\r\n    <!---->\r\n    <!---->\r\n    <div class=\"h-section-grid-container h-section-boxed-container\">\r\n      <!---->\r\n      <div data-colibri-id=\"296-c3\" class=\"h-row-container gutters-row-lg-2 gutters-row-md-2 gutters-row-0 gutters-row-v-lg-2 gutters-row-v-md-2 gutters-row-v-2 style-229 style-local-296-c3 position-relative\">\r\n        <!---->\r\n        <div class=\"h-row justify-content-lg-center justify-content-md-center justify-content-center align-items-lg-stretch align-items-md-stretch align-items-stretch gutters-col-lg-2 gutters-col-md-2 gutters-col-0 gutters-col-v-lg-2 gutters-col-v-md-2 gutters-col-v-2\">\r\n          <!---->\r\n          <div class=\"h-column h-column-container d-flex h-col-lg-auto h-col-md-auto h-col-auto style-230-outer style-local-296-c4-outer\">\r\n            <div data-colibri-id=\"296-c4\" class=\"d-flex h-flex-basis h-column__inner h-px-lg-2 h-px-md-2 h-px-2 v-inner-lg-2 v-inner-md-2 v-inner-2 style-230 style-local-296-c4 position-relative\">\r\n              <!---->\r\n              <!---->\r\n              <div class=\"w-100 h-y-container h-column__content h-column__v-align flex-basis-100 align-self-lg-start align-self-md-start align-self-start\">\r\n                <!---->\r\n                <div data-colibri-id=\"296-c5\" class=\"d-block style-234 style-local-296-c5 position-relative h-element\">\r\n                  <!---->\r\n                  <div class=\"h-image__frame-container-outer\">\r\n                    <div class=\"h-image__frame-container\">\r\n                      <!---->\r\n                      <!---->\r\n                      <img loading=\"lazy\" decoding=\"async\" width=\"1224\" height=\"1632\" src=\"https:\/\/rysunek.org\/wp-content\/uploads\/2025\/10\/05.jpg\" class=\"wp-image-334 style-234-image style-local-296-c5-image\" alt=\"\" srcset=\"https:\/\/rysunek.org\/wp-content\/uploads\/2025\/10\/05.jpg 1224w, https:\/\/rysunek.org\/wp-content\/uploads\/2025\/10\/05-225x300.jpg 225w, https:\/\/rysunek.org\/wp-content\/uploads\/2025\/10\/05-768x1024.jpg 768w, https:\/\/rysunek.org\/wp-content\/uploads\/2025\/10\/05-1152x1536.jpg 1152w\" sizes=\"auto, (max-width: 1224px) 100vw, 1224px\" \/>\r\n                      <div class=\"h-image__frame h-hide-lg h-hide-md h-hide-sm style-234-frameImage style-local-296-c5-frameImage\"><\/div>\r\n                    <\/div>\r\n                  <\/div>\r\n                <\/div>\r\n                <div data-colibri-id=\"296-c9\" class=\"h-text h-text-component style-236 style-local-296-c9 position-relative h-element\">\r\n                  <!---->\r\n                  <!---->\r\n                  <div class=\"\">\r\n                    <p>Rysunek studenta I roku Wydzia\u0142u Architektury.<\/p>\r\n                  <\/div>\r\n                <\/div>\r\n                <div data-colibri-id=\"296-c11\" class=\"h-lead h-text h-text-component style-238 style-local-296-c11 position-relative h-element\">\r\n                  <!---->\r\n                  <!---->\r\n                  <div class=\"\">\r\n                    <p>&#8222;Rysuje&#8221; &#8211; m\u00f3wi si\u0119 o kim\u015b, kto bior\u0105c o\u0142\u00f3wek i patrz\u0105c na przedmiot, odtwarza powierzchniowy obraz tego przedmiotu na p\u0142aszczy\u017anie kartki papieru. &#8222;Kopiuje&#8221; &#8211; powie kto\u015b, kto uko\u0144czy\u0142 szko\u0142\u0119 rysunku. RYSOWA\u0106! ODWZOROWYWA\u0106! Odwzorowywanie\r\n                      nie ma metodyki.&nbsp;Uczy\u0144cie przedmiot szerszym! Lub wy\u017cszym! Ciemniejszym! Ja\u015bniejszym! Nie udaje si\u0119 wam portret? Nie szkodzi! Jednemu udaje si\u0119 portret, drugiemu &#8211; pejza\u017c&#8230; To przyk\u0142adowe rady w procesie takiego Kszta\u0142cenia.<\/p>\r\n                    <p>Odwzorowywa\u0107 mo\u017cna d\u0142ugo &#8211; pi\u0119\u0107 lat i wi\u0119cej. Bez ko\u0144ca. To niepotrzebne nak\u0142ady materialne i fizyczne.<\/p>\r\n                  <\/div>\r\n                <\/div>\r\n                <div data-colibri-id=\"296-c6\" class=\"h-text h-text-component style-232 style-local-296-c6 position-relative h-element\">\r\n                  <!---->\r\n                  <!---->\r\n                  <div class=\"\">\r\n                    <p>Akademicka szko\u0142a rysunku posiada metodyk\u0119. Metodyka nauczania obliczona jest na okre\u015blony czas, w kt\u00f3rym student uzyska wiedz\u0119 teoretyczn\u0105 oraz utrwali praktycznie nawyki, kt\u00f3re dadz\u0105 mu mo\u017cliwo\u015b\u0107 profesjonalnego analizowania form\r\n                      i pracy z nimi w ka\u017cdym materiale, bez wzgl\u0119du na to, czy b\u0119dzie to MARTWA NATURA, PEJZA\u017b, PORTRET, PROJEKT ARCHITEKTONICZNY BUDYNKU, WN\u0118TRZA, ELEWACJI ZEWN\u0118TRZNEJ czy b\u0119dzie to praca PROJEKTANTA. B\u0119dzie on pracowa\u0107 z form\u0105 zar\u00f3wno\r\n                      na p\u0142aszczy\u017anie dwuwymiarowej jak i tr\u00f3jwymiarowej przestrzeni &#8211; z natury, z pami\u0119ci i z wyobra\u017ani.<\/p>\r\n                  <\/div>\r\n                <\/div>\r\n                <div data-colibri-id=\"296-c12\" class=\"d-block style-239 style-local-296-c12 position-relative h-element\">\r\n                  <!---->\r\n                  <div class=\"h-image__frame-container-outer\">\r\n                    <a href=\"https:\/\/pl.wikipedia.org\/wiki\/An-2\" target=\"_blank\" h-use-smooth-scroll=\"true\" class=\"image-link\">\r\n                      <div class=\"h-image__frame-container\">\r\n                        <!---->\r\n                        <!---->\r\n                        <img loading=\"lazy\" decoding=\"async\" width=\"1278\" height=\"651\" src=\"https:\/\/rysunek.org\/wp-content\/uploads\/2025\/10\/An-2_RB1.jpg\" class=\"wp-image-357 style-239-image style-local-296-c12-image\" alt=\"\" srcset=\"https:\/\/rysunek.org\/wp-content\/uploads\/2025\/10\/An-2_RB1.jpg 1278w, https:\/\/rysunek.org\/wp-content\/uploads\/2025\/10\/An-2_RB1-300x153.jpg 300w, https:\/\/rysunek.org\/wp-content\/uploads\/2025\/10\/An-2_RB1-1024x522.jpg 1024w, https:\/\/rysunek.org\/wp-content\/uploads\/2025\/10\/An-2_RB1-768x391.jpg 768w\" sizes=\"auto, (max-width: 1278px) 100vw, 1278px\" \/>\r\n                        <div class=\"h-image__frame h-hide-lg h-hide-md h-hide-sm style-239-frameImage style-local-296-c12-frameImage\"><\/div>\r\n                      <\/div>\r\n                    <\/a>\r\n                  <\/div>\r\n                <\/div>\r\n                <div data-colibri-id=\"296-c14\" class=\"h-text h-text-component style-241 style-local-296-c14 position-relative h-element\">\r\n                  <!---->\r\n                  <!---->\r\n                  <div class=\"\">\r\n                    <p>Samolot AN-2 Antonow<\/p>\r\n                  <\/div>\r\n                <\/div>\r\n                <div data-colibri-id=\"296-c13\" class=\"h-text h-text-component style-240 style-local-296-c13 position-relative h-element\">\r\n                  <!---->\r\n                  <!---->\r\n                  <div class=\"\">\r\n                    <p>Gdy wykonywa\u0142em zam\u00f3wienie artystyczne dla fabryki, w kt\u00f3rej produkuje si\u0119 samoloty AN i gdzie pracuje biuro konstruktorskie Antonowa, nie zdziwi\u0142em si\u0119 na wie\u015b\u0107 o tym, \u017ce Antonow znakomicie rysuje. Rozwi\u0105zanie konstrukcyjne plus umiej\u0119tno\u015b\u0107\r\n                      widzenia formy w przestrzeni pomog\u0142y mu stworzy\u0107 takiego rodzaju samolot.<\/p>\r\n                    <p>A oto genialny wynalazek in\u017cyniera -konstruktora Diesla, kt\u00f3ry jako student potrafi\u0142 dostrzec wyra\u017cone w formach konstrukcyjne rozwi\u0105zanie silnika i naszkicowa\u0107 go, siedz\u0105c na wyk\u0142adach.<\/p>\r\n                  <\/div>\r\n                <\/div>\r\n                <div data-colibri-id=\"296-c15\" class=\"d-block style-242 style-local-296-c15 position-relative h-element\">\r\n                  <!---->\r\n                  <div class=\"h-image__frame-container-outer\">\r\n                    <a href=\"https:\/\/pl.wikipedia.org\/wiki\/Kaplica_Notre_Dame_du_Haut\" target=\"_blank\" h-use-smooth-scroll=\"true\" class=\"image-link\">\r\n                      <div class=\"h-image__frame-container\">\r\n                        <!---->\r\n                        <!---->\r\n                        <img loading=\"lazy\" decoding=\"async\" width=\"900\" height=\"600\" src=\"https:\/\/rysunek.org\/wp-content\/uploads\/2025\/10\/Corbusier_Notre-Dame-du-Haut.jpg\" class=\"wp-image-365 style-242-image style-local-296-c15-image\" alt=\"\" srcset=\"https:\/\/rysunek.org\/wp-content\/uploads\/2025\/10\/Corbusier_Notre-Dame-du-Haut.jpg 900w, https:\/\/rysunek.org\/wp-content\/uploads\/2025\/10\/Corbusier_Notre-Dame-du-Haut-300x200.jpg 300w, https:\/\/rysunek.org\/wp-content\/uploads\/2025\/10\/Corbusier_Notre-Dame-du-Haut-768x512.jpg 768w\" sizes=\"auto, (max-width: 900px) 100vw, 900px\" \/>\r\n                        <div class=\"h-image__frame h-hide-lg h-hide-md h-hide-sm style-242-frameImage style-local-296-c15-frameImage\"><\/div>\r\n                      <\/div>\r\n                    <\/a>\r\n                  <\/div>\r\n                <\/div>\r\n                <div data-colibri-id=\"296-c17\" class=\"h-text h-text-component style-244 style-local-296-c17 position-relative h-element\">\r\n                  <!---->\r\n                  <!---->\r\n                  <div class=\"\">\r\n                    <p>Corbusier, Kaplica Notre Dame du Haut, Ronchamp, Francja<\/p>\r\n                  <\/div>\r\n                <\/div>\r\n                <div data-colibri-id=\"296-c16\" class=\"h-text h-text-component style-243 style-local-296-c16 position-relative h-element\">\r\n                  <!---->\r\n                  <!---->\r\n                  <div class=\"\">\r\n                    <p>Przypomnijmy rysunki architekta Corbussiera -to w\u0142a\u015bnie znajomo\u015b\u0107 rysunku akademickiego pozwoli\u0142a mu stworzy\u0107 tak\u0105 architektur\u0119, w kt\u00f3rej rozwi\u0105zywa\u0142 problemy dekoracyjne, konstruktorskie i ergonomiczne.<\/p>\r\n                    <p>Lekarz powinien nie tylko zna\u0107 anatomi\u0119, dobry lekarz powinien widzie\u0107 w przestrzeni ca\u0142y mi\u0119sie\u0144 lub organ, nawet je\u015bli jest on widoczny tylko cz\u0119\u015bciowo, b\u0119d\u0105c zas\u0142oni\u0119ty przez inne formy.<\/p>\r\n                  <\/div>\r\n                <\/div>\r\n              <\/div>\r\n            <\/div>\r\n          <\/div>\r\n          <div class=\"h-column h-column-container d-flex h-col-lg-auto h-col-md-auto h-col-auto style-231-outer style-local-296-c7-outer\">\r\n            <div data-colibri-id=\"296-c7\" class=\"d-flex h-flex-basis h-column__inner h-px-lg-2 h-px-md-2 h-px-2 v-inner-lg-2 v-inner-md-2 v-inner-2 style-231 style-local-296-c7 position-relative\">\r\n              <!---->\r\n              <!---->\r\n              <div class=\"w-100 h-y-container h-column__content h-column__v-align flex-basis-100 align-self-lg-start align-self-md-start align-self-start\">\r\n                <!---->\r\n                <div data-colibri-id=\"296-c19\" class=\"h-text h-text-component style-246 style-local-296-c19 position-relative h-element\">\r\n                  <!---->\r\n                  <!---->\r\n                  <div class=\"\">\r\n                    <p>N<span style=\"font-weight: 400; font-size: 16px; font-family: &quot;Didact Gothic&quot;; color: rgb(113, 113, 117);\">ie mo\u017cna urodzi\u0107 si\u0119 z umiej\u0119tno\u015bci\u0105 rysowania. Nauka rysowania rozpoczyna si\u0119 od prostych form geometrycznych, stopniowo przechodz\u0105c do skomplikowanych form z\u0142o\u017conych.<\/span><\/p>\r\n                    <p>Figura cz\u0142owieka jest skomplikowan\u0105 form\u0105 z\u0142o\u017con\u0105 z wielu form prostych, usytuowanych w przestrzeni tr\u00f3jwymiarowej. Oto dlaczego bierze si\u0119 j\u0105 za wzorzec w procesie nauczania.<\/p>\r\n                    <p>Szko\u0142a rysunku akademickiego tworzona by\u0142a przez wiele pokole\u0144. Z pracowni klasycznego rysunku A\u017cbego, Choloszlego, Czistiakowa wysz\u0142o wielu malarzy, architekt\u00f3w, projektant\u00f3w r\u00f3\u017cnych narodowo\u015bci, kt\u00f3rzy wnie\u015bli sw\u00f3j wk\u0142ad do sztuki\r\n                      \u015bwiatowej.<\/p>\r\n                    <p>Impresjoni\u015bci wyszli od studium rysunku -przypomnijmy prace Toulouse -Lautreca, a c\u00f3\u017c za rysunek jest w pracach Degasa. Formy abstrakcyjne tak\u017ce opieraj\u0105 si\u0119 na umiej\u0119tno\u015bci widzenia ich w przestrzeni, a dok\u0142adniej &#8211; na rysunku akademickim.<\/p>\r\n                  <\/div>\r\n                <\/div>\r\n                <div data-colibri-id=\"296-c18\" class=\"d-block style-245 style-local-296-c18 position-relative h-element\">\r\n                  <!---->\r\n                  <div class=\"h-image__frame-container-outer\">\r\n                    <a href=\"https:\/\/en.wikipedia.org\/wiki\/Family_of_Saltimbanques\" target=\"_blank\" h-use-smooth-scroll=\"true\" class=\"image-link\">\r\n                      <div class=\"h-image__frame-container\">\r\n                        <!---->\r\n                        <!---->\r\n                        <img loading=\"lazy\" decoding=\"async\" width=\"1394\" height=\"1279\" src=\"https:\/\/rysunek.org\/wp-content\/uploads\/2025\/10\/Family_of_Saltimbanques.jpg\" class=\"wp-image-387 style-245-image style-local-296-c18-image\" alt=\"\" srcset=\"https:\/\/rysunek.org\/wp-content\/uploads\/2025\/10\/Family_of_Saltimbanques.jpg 1394w, https:\/\/rysunek.org\/wp-content\/uploads\/2025\/10\/Family_of_Saltimbanques-300x275.jpg 300w, https:\/\/rysunek.org\/wp-content\/uploads\/2025\/10\/Family_of_Saltimbanques-1024x940.jpg 1024w, https:\/\/rysunek.org\/wp-content\/uploads\/2025\/10\/Family_of_Saltimbanques-768x705.jpg 768w\" sizes=\"auto, (max-width: 1394px) 100vw, 1394px\" \/>\r\n                        <div class=\"h-image__frame h-hide-lg h-hide-md h-hide-sm style-245-frameImage style-local-296-c18-frameImage\"><\/div>\r\n                      <\/div>\r\n                    <\/a>\r\n                  <\/div>\r\n                <\/div>\r\n                <div data-colibri-id=\"296-c20\" class=\"h-text h-text-component style-247 style-local-296-c20 position-relative h-element\">\r\n                  <!---->\r\n                  <!---->\r\n                  <div class=\"\">\r\n                    <p>Pablo Picasso, Rodzina Kuglarzy 1905r.<\/p>\r\n                  <\/div>\r\n                <\/div>\r\n                <div data-colibri-id=\"296-c8\" class=\"h-text h-text-component style-233 style-local-296-c8 position-relative h-element\">\r\n                  <!---->\r\n                  <!---->\r\n                  <div class=\"\">\r\n                    <p>&#8222;Trzeba nauczy\u0107 si\u0119 rysowa\u0107, a potem zapomnie\u0107&#8221;. Tak, w przeno\u015bnym sensie, powiedzia\u0142 Picasso, maj\u0105c na my\u015bli niewidzialn\u0105 cz\u0119\u015b\u0107 budynku &#8211; fundament &#8211; na kt\u00f3rym b\u0119dzie opiera\u0107 si\u0119 forma abstrakcyjna.<\/p>\r\n                    <p>A jaki\u017c solidny fundament &#8211; rysunek akademicki &#8211; mamy u Fi\u0142onowa, malarza i teoretyka sztuki analitycznej. Gdy patrzymy na jego obraz Wz\u00f3r wiosny, musimy pami\u0119ta\u0107 koniecznie jego rysunek nagiego modela ukazanego od strony plec\u00f3w. Oto\r\n                      sk\u0105d si\u0119 bierze taka si\u0142a i wywieraj\u0105ce wielkie wra\u017cenie potraktowanie formy w jego zgo\u0142a nie akademickiej pracy Uczta kr\u00f3l\u00f3w.<\/p>\r\n                  <\/div>\r\n                <\/div>\r\n                <div data-colibri-id=\"296-c21\" class=\"d-block style-248 style-local-296-c21 position-relative h-element\">\r\n                  <!---->\r\n                  <div class=\"h-image__frame-container-outer\">\r\n                    <div class=\"h-image__frame-container\">\r\n                      <!---->\r\n                      <!---->\r\n                      <img loading=\"lazy\" decoding=\"async\" width=\"1260\" height=\"994\" src=\"https:\/\/rysunek.org\/wp-content\/uploads\/2025\/10\/Pavel-Nikolaevich-Filonov-Feast-of-Kings-1913-MeisterDrucke-263949.jpg\" class=\"wp-image-402 style-248-image style-local-296-c21-image\" alt=\"\" srcset=\"https:\/\/rysunek.org\/wp-content\/uploads\/2025\/10\/Pavel-Nikolaevich-Filonov-Feast-of-Kings-1913-MeisterDrucke-263949.jpg 1260w, https:\/\/rysunek.org\/wp-content\/uploads\/2025\/10\/Pavel-Nikolaevich-Filonov-Feast-of-Kings-1913-MeisterDrucke-263949-300x237.jpg 300w, https:\/\/rysunek.org\/wp-content\/uploads\/2025\/10\/Pavel-Nikolaevich-Filonov-Feast-of-Kings-1913-MeisterDrucke-263949-1024x808.jpg 1024w, https:\/\/rysunek.org\/wp-content\/uploads\/2025\/10\/Pavel-Nikolaevich-Filonov-Feast-of-Kings-1913-MeisterDrucke-263949-768x606.jpg 768w\" sizes=\"auto, (max-width: 1260px) 100vw, 1260px\" \/>\r\n                      <div class=\"h-image__frame h-hide-lg h-hide-md h-hide-sm style-248-frameImage style-local-296-c21-frameImage\"><\/div>\r\n                    <\/div>\r\n                  <\/div>\r\n                <\/div>\r\n                <div data-colibri-id=\"296-c22\" class=\"h-text h-text-component style-249 style-local-296-c22 position-relative h-element\">\r\n                  <!---->\r\n                  <!---->\r\n                  <div class=\"\">\r\n                    <p>Pawe\u0142 Filonow, \u015awi\u0119to Kr\u00f3l\u00f3w, 1913 r.\r\n                      <br>Olej na p\u0142\u00f3tnie , 175&#215;215 cm.\r\n                      <br>Muzeum w Sankt Petersburgu.<\/p>\r\n                  <\/div>\r\n                <\/div>\r\n                <div data-colibri-id=\"296-c23\" class=\"h-text h-text-component style-250 style-local-296-c23 position-relative h-element\">\r\n                  <!---->\r\n                  <!---->\r\n                  <div class=\"\">\r\n                    <p>Rysunek akademicki uczy nie odwzorowywania natury, ale analizowania formy i konstrukcji przedmiotu, co jest bardzo wa\u017cne dla stworzenia nowych form.<\/p>\r\n                    <p>Niestety, tracimy szko\u0142\u0119 rysunku klasycznego. Student otrzymuj\u0105cy dyplom malarza, architekta stylisty, nie potrafi narysowa\u0107 portretu, naszkicowa\u0107 r\u0119ki. Co oznacza, i\u017c nie nauczono go widzenia formy. A przecie\u017c praca z form\u0105 i wiedza\r\n                      o specyfice tworzywa &#8211; to podstawa tych profesji.<\/p>\r\n                    <p>Chc\u0119 zwr\u00f3ci\u0107 uwag\u0119 tych, kt\u00f3rzy s\u0105 zainteresowani i mog\u0105 wp\u0142ywa\u0107 na dalszy rozw\u00f3j spo\u0142ecze\u0144stwa, poniewa\u017c kszta\u0142cenie takich specjalist\u00f3w jest bardzo wa\u017cne dla kszta\u0142towania otoczenia cz\u0142owieka.<\/p>\r\n                    <p>Po przej\u015bciu szko\u0142y rysunku klasycznego, pozostanie on niewidocznym ale solidnym fundamentem, na kt\u00f3rym zostanie zbudowana koncepcja wizualnego \u015bwiatopogl\u0105du i jego realizacja w r\u00f3\u017cnym tworzywie: tkanina, malarstwo, grafika. Malarz\r\n                      zastosuje go na powierzchni dwuwymiarowej, a w pracach rze\u017abiarza, architekta znajdzie zastosowanie w przestrzeni tr\u00f3jwymiarowej, a do tego dochodzi ogl\u0105d w czasie.<\/p>\r\n                    <p>Technologia, obr\u00f3bka materia\u0142u b\u0119dzie si\u0119 zmienia\u0107, b\u0119d\u0105 zmienia\u0107 si\u0119 mo\u017cliwo\u015bci projektowe w obr\u0119bie sztuki &#8211; zar\u00f3wno w rze\u017abie jak i w architekturze. Niezmienn\u0105 jednak pozostanie szko\u0142a widzenia formy.<\/p>\r\n                    <p>RYSUNEK AKADEMICKI &#8211; to podstawa tworzenia formy.<\/p>\r\n                    <p>\r\n                      <br>\r\n                    <\/p>\r\n                  <\/div>\r\n                <\/div>\r\n                <div data-colibri-id=\"296-c24\" class=\"h-text h-text-component style-251 style-local-296-c24 position-relative h-element\">\r\n                  <!---->\r\n                  <!---->\r\n                  <div class=\"\">\r\n                    <p>Walentyn Efde,\r\n                      <br>Gda\u0144sk 1998-1999r.<\/p>\r\n                    <p>Opracowanie chronione prawem autorskim. Wszelkie prawa zastrze\u017cone.<\/p>\r\n                  <\/div>\r\n                <\/div>\r\n              <\/div>\r\n            <\/div>\r\n          <\/div>\r\n        <\/div>\r\n      <\/div>\r\n    <\/div>\r\n  <\/div>\r\n<\/div>","protected":false},"excerpt":{"rendered":"<p>Rysunek studenta I roku Wydzia\u0142u Architektury. &#8222;Rysuje&#8221; &#8211; m\u00f3wi si\u0119 o kim\u015b, kto [&hellip;]<\/p>\n","protected":false},"author":1,"featured_media":0,"parent":0,"menu_order":0,"comment_status":"closed","ping_status":"closed","template":"page-templates\/full-width-page.php","meta":{"ngg_post_thumbnail":0,"footnotes":""},"class_list":["post-296","page","type-page","status-publish","hentry"],"_links":{"self":[{"href":"https:\/\/rysunek.org\/index.php\/wp-json\/wp\/v2\/pages\/296","targetHints":{"allow":["GET"]}}],"collection":[{"href":"https:\/\/rysunek.org\/index.php\/wp-json\/wp\/v2\/pages"}],"about":[{"href":"https:\/\/rysunek.org\/index.php\/wp-json\/wp\/v2\/types\/page"}],"author":[{"embeddable":true,"href":"https:\/\/rysunek.org\/index.php\/wp-json\/wp\/v2\/users\/1"}],"replies":[{"embeddable":true,"href":"https:\/\/rysunek.org\/index.php\/wp-json\/wp\/v2\/comments?post=296"}],"version-history":[{"count":16,"href":"https:\/\/rysunek.org\/index.php\/wp-json\/wp\/v2\/pages\/296\/revisions"}],"predecessor-version":[{"id":418,"href":"https:\/\/rysunek.org\/index.php\/wp-json\/wp\/v2\/pages\/296\/revisions\/418"}],"wp:attachment":[{"href":"https:\/\/rysunek.org\/index.php\/wp-json\/wp\/v2\/media?parent=296"}],"curies":[{"name":"wp","href":"https:\/\/api.w.org\/{rel}","templated":true}]}}