{"id":288,"date":"2025-09-21T22:56:42","date_gmt":"2025-09-21T20:56:42","guid":{"rendered":"https:\/\/rysunek.org\/?page_id=288"},"modified":"2025-10-12T22:19:27","modified_gmt":"2025-10-12T20:19:27","slug":"artykuly-i-opowiadania","status":"publish","type":"page","link":"https:\/\/rysunek.org\/index.php\/artykuly-i-opowiadania\/","title":{"rendered":"Artyku\u0142y i opowiadania"},"content":{"rendered":"<div data-colibri-id=\"288-c1\" class=\"style-252 style-local-288-c1 position-relative\">\n  <!---->\n  <div data-colibri-component=\"section\" data-colibri-id=\"288-c2\" id=\"about\" class=\"h-section h-section-global-spacing d-flex align-items-lg-center align-items-md-center align-items-center style-253 style-local-288-c2 position-relative\">\n    <!---->\n    <!---->\n    <div class=\"h-section-grid-container h-section-boxed-container\">\n      <!---->\n      <div data-colibri-id=\"288-c3\" class=\"h-row-container gutters-row-lg-0 gutters-row-md-0 gutters-row-0 gutters-row-v-lg-0 gutters-row-v-md-0 gutters-row-v-0 style-254 style-local-288-c3 position-relative\">\n        <!---->\n        <div class=\"h-row justify-content-lg-center justify-content-md-center justify-content-center align-items-lg-stretch align-items-md-stretch align-items-stretch gutters-col-lg-0 gutters-col-md-0 gutters-col-0 gutters-col-v-lg-0 gutters-col-v-md-0 gutters-col-v-0\">\n          <!---->\n          <div class=\"h-column h-column-container d-flex h-col-lg-auto h-col-md-auto h-col-auto style-255-outer style-local-288-c4-outer\">\n            <div data-colibri-id=\"288-c4\" class=\"d-flex h-flex-basis h-column__inner h-ui-empty-state-container h-px-lg-0 h-px-md-0 h-px-0 v-inner-lg-0 v-inner-md-0 v-inner-0 style-255 style-local-288-c4 position-relative\">\n              <!---->\n              <!---->\n              <div class=\"w-100 h-y-container h-column__content h-column__v-align flex-basis-100\">\n                <!---->\n              <\/div>\n            <\/div>\n          <\/div>\n          <div class=\"h-column h-column-container d-flex h-col-lg-auto h-col-md-auto h-col-auto style-256-outer style-local-288-c5-outer\">\n            <div data-colibri-id=\"288-c5\" class=\"d-flex h-flex-basis h-column__inner h-px-lg-2 h-px-md-2 h-px-2 v-inner-lg-2 v-inner-md-2 v-inner-2 style-256 style-local-288-c5 position-relative\">\n              <!---->\n              <!---->\n              <div class=\"w-100 h-y-container h-column__content h-column__v-align flex-basis-100 align-self-lg-start align-self-md-start align-self-start\">\n                <!---->\n                <div data-colibri-id=\"288-c6\" class=\"h-global-transition-all h-heading style-257 style-local-288-c6 position-relative h-element\">\n                  <!---->\n                  <div class=\"h-heading__outer style-257 style-local-288-c6\">\n                    <!---->\n                    <!---->\n                    <h5 class=\"\">Artyku\u0142<\/h5>\n                  <\/div>\n                <\/div>\n                <div data-colibri-id=\"288-c7\" class=\"h-global-transition-all h-heading style-258 style-local-288-c7 position-relative h-element\">\n                  <!---->\n                  <div class=\"h-heading__outer style-258 style-local-288-c7\">\n                    <!---->\n                    <!---->\n                    <h2 class=\"\">Rysunek Akademicki<\/h2>\n                  <\/div>\n                <\/div>\n                <div data-colibri-id=\"288-c8\" class=\"h-text h-text-component style-259 style-local-288-c8 position-relative h-element\">\n                  <!---->\n                  <!---->\n                  <div class=\"\">\n                    <p>&#8222;Rysuje&#8221; &#8211; m\u00f3wi si\u0119 o kim\u015b, kto bior\u0105c o\u0142\u00f3wek i patrz\u0105c na przedmiot, odtwarza powierzchniowy obraz tego przedmiotu na p\u0142aszczy\u017anie kartki papieru. &#8222;Kopiuje&#8221; &#8211; powie kto\u015b, kto uko\u0144czy\u0142 szko\u0142\u0119 rysunku. RYSOWA\u0106! ODWZOROWYWA\u0106! Odwzorowywanie\n                      nie ma metodyki. Uczy\u0144cie przedmiot szerszym! Lub wy\u017cszym! Ciemniejszym! Ja\u015bniejszym! Nie udaje si\u0119 wam portret? Nie szkodzi! Jednemu udaje si\u0119 portret, drugiemu &#8211; pejza\u017c&#8230; To przyk\u0142adowe rady w procesie takiego Kszta\u0142cenia.<\/p>\n                    <p>Odwzorowywa\u0107 mo\u017cna d\u0142ugo &#8211; pi\u0119\u0107 lat i wi\u0119cej. Bez ko\u0144ca. To niepotrzebne nak\u0142ady materialne i fizyczne&#8230;<\/p>\n                  <\/div>\n                <\/div>\n                <div data-colibri-id=\"288-c9\" class=\"h-x-container style-260 style-local-288-c9 position-relative h-element\">\n                  <!---->\n                  <div class=\"h-x-container-inner style-dynamic-288-c9-group style-260-spacing style-local-288-c9-spacing\"><span class=\"h-button__outer style-261-outer style-local-288-c10-outer d-inline-flex h-element\"><a h-use-smooth-scroll=\"true\" href=\"https:\/\/rysunek.org\/index.php\/rysunek-akademicki\/\"  data-colibri-id=\"288-c10\" class=\"d-flex w-100 align-items-center h-button justify-content-lg-center justify-content-md-center justify-content-center style-261 style-local-288-c10 position-relative\"><!----><!----> <span>Czytaj artyku\u0142<\/span><\/a>\n                    <\/span>\n                  <\/div>\n                <\/div>\n              <\/div>\n            <\/div>\n          <\/div>\n        <\/div>\n      <\/div>\n    <\/div>\n  <\/div>\n  <div data-colibri-component=\"section\" data-colibri-id=\"288-c11\" id=\"about-2\" class=\"h-section h-section-global-spacing d-flex align-items-lg-center align-items-md-center align-items-center style-262 style-local-288-c11 position-relative\">\n    <!---->\n    <!---->\n    <div class=\"h-section-grid-container h-section-boxed-container\">\n      <!---->\n      <div data-colibri-id=\"288-c12\" class=\"h-row-container gutters-row-lg-0 gutters-row-md-0 gutters-row-0 gutters-row-v-lg-0 gutters-row-v-md-0 gutters-row-v-0 style-263 style-local-288-c12 position-relative\">\n        <!---->\n        <div class=\"h-row justify-content-lg-center justify-content-md-center justify-content-center align-items-lg-stretch align-items-md-stretch align-items-stretch gutters-col-lg-0 gutters-col-md-0 gutters-col-0 gutters-col-v-lg-0 gutters-col-v-md-0 gutters-col-v-0\">\n          <!---->\n          <div class=\"h-column h-column-container d-flex h-col-lg-auto h-col-md-auto h-col-auto style-264-outer style-local-288-c13-outer\">\n            <div data-colibri-id=\"288-c13\" class=\"d-flex h-flex-basis h-column__inner h-ui-empty-state-container h-px-lg-0 h-px-md-0 h-px-0 v-inner-lg-0 v-inner-md-0 v-inner-0 style-264 style-local-288-c13 position-relative\">\n              <!---->\n              <!---->\n              <div class=\"w-100 h-y-container h-column__content h-column__v-align flex-basis-100\">\n                <!---->\n              <\/div>\n            <\/div>\n          <\/div>\n          <div class=\"h-column h-column-container d-flex h-col-lg-auto h-col-md-auto h-col-auto style-265-outer style-local-288-c14-outer\">\n            <div data-colibri-id=\"288-c14\" class=\"d-flex h-flex-basis h-column__inner h-px-lg-2 h-px-md-2 h-px-2 v-inner-lg-2 v-inner-md-2 v-inner-2 style-265 style-local-288-c14 position-relative\">\n              <!---->\n              <!---->\n              <div class=\"w-100 h-y-container h-column__content h-column__v-align flex-basis-100 align-self-lg-start align-self-md-start align-self-start\">\n                <!---->\n                <div data-colibri-id=\"288-c15\" class=\"h-global-transition-all h-heading style-266 style-local-288-c15 position-relative h-element\">\n                  <!---->\n                  <div class=\"h-heading__outer style-266 style-local-288-c15\">\n                    <!---->\n                    <!---->\n                    <h5 class=\"\">Opowiadanie<\/h5>\n                  <\/div>\n                <\/div>\n                <div data-colibri-id=\"288-c16\" class=\"h-global-transition-all h-heading style-267 style-local-288-c16 position-relative h-element\">\n                  <!---->\n                  <div class=\"h-heading__outer style-267 style-local-288-c16\">\n                    <!---->\n                    <!---->\n                    <h2 class=\"\">Zamiana<\/h2>\n                  <\/div>\n                <\/div>\n                <div data-colibri-id=\"288-c17\" class=\"h-text h-text-component style-268 style-local-288-c17 position-relative h-element\">\n                  <!---->\n                  <!---->\n                  <div class=\"\">\n                    <p>Uczucia niepokoju nie przemija\u0142o. Nawiedza\u0142o nie rano i r\u00f3wnie\u017c nie wieczorem. Stopniowo &#8211; od \u0142a\u0144cuszka wydarze\u0144 &#8211; powoli wkrada\u0142o si\u0119 do jej duszy.<\/p>\n                    <p>Od tych wydarze\u0144, kt\u00f3re -jak promienie \u015bwiat\u0142a w kalejdoskopie &#8211; przechodz\u0105ce przez kraw\u0119dzie szkie\u0142 \u015bwiec\u0105c i odbijaj\u0105c od nich, tworz\u0105 r\u00f3\u017cne obrazy.<\/p>\n                    <p>Te wydarzenia niejednakowo wp\u0142ywa\u0142y na ka\u017cdego mieszka\u0144ca olbrzymiego imperium.<\/p>\n                    <p>Jedni, maj\u0105c uszy i oczy, nie umieli widzie\u0107 i s\u0142ysze\u0107. Jak \u015blimak &#8211; ukrywszy si\u0119 w swojej skorupie, w wielopi\u0119trowym betonowym bloku, z zapaskudzonym wsp\u00f3lnym podjazdem, jednocz\u0105cym dziesi\u0105tki takich \u015blimak\u00f3w, oddzieliwszy si\u0119 uniwersaln\u0105\n                      \u015bciank\u0105 z p\u0142yty wi\u00f3rowej i obowi\u0105zkowo ozdobiwszy kryszta\u0142ami p\u00f3\u0142ki, wierzyli w trwa\u0142o\u015b\u0107 swoich otoczek&#8230;<\/p>\n                  <\/div>\n                <\/div>\n                <div data-colibri-id=\"288-c18\" class=\"h-x-container style-269 style-local-288-c18 position-relative h-element\">\n                  <!---->\n                  <div class=\"h-x-container-inner style-dynamic-288-c18-group style-269-spacing style-local-288-c18-spacing\"><span class=\"h-button__outer style-270-outer style-local-288-c19-outer d-inline-flex h-element\"><a h-use-smooth-scroll=\"true\" href=\"https:\/\/rysunek.org\/index.php\/zamiana\/\"  data-colibri-id=\"288-c19\" class=\"d-flex w-100 align-items-center h-button justify-content-lg-center justify-content-md-center justify-content-center style-270 style-local-288-c19 position-relative\"><!----><!----> <span>Czytaj opowiadanie<\/span><\/a>\n                    <\/span>\n                  <\/div>\n                <\/div>\n              <\/div>\n            <\/div>\n          <\/div>\n        <\/div>\n      <\/div>\n    <\/div>\n  <\/div>\n  <div data-colibri-component=\"section\" data-colibri-id=\"288-c20\" id=\"about-3\" class=\"h-section h-section-global-spacing d-flex align-items-lg-center align-items-md-center align-items-center style-283 style-local-288-c20 position-relative\">\n    <!---->\n    <!---->\n    <div class=\"h-section-grid-container h-section-boxed-container\">\n      <!---->\n      <div data-colibri-id=\"288-c21\" class=\"h-row-container gutters-row-lg-0 gutters-row-md-0 gutters-row-0 gutters-row-v-lg-0 gutters-row-v-md-0 gutters-row-v-0 style-284 style-local-288-c21 position-relative\">\n        <!---->\n        <div class=\"h-row justify-content-lg-center justify-content-md-center justify-content-center align-items-lg-stretch align-items-md-stretch align-items-stretch gutters-col-lg-0 gutters-col-md-0 gutters-col-0 gutters-col-v-lg-0 gutters-col-v-md-0 gutters-col-v-0\">\n          <!---->\n          <div class=\"h-column h-column-container d-flex h-col-lg-auto h-col-md-auto h-col-auto style-285-outer style-local-288-c22-outer\">\n            <div data-colibri-id=\"288-c22\" class=\"d-flex h-flex-basis h-column__inner h-px-lg-0 h-px-md-0 h-px-0 v-inner-lg-0 v-inner-md-0 v-inner-0 style-285 style-local-288-c22 position-relative\">\n              <!---->\n              <!---->\n              <div class=\"w-100 h-y-container h-column__content h-column__v-align flex-basis-100 align-self-lg-start align-self-md-start align-self-start\">\n                <!---->\n                <div data-colibri-id=\"288-c23\" class=\"h-global-transition-all h-heading style-286 style-local-288-c23 position-relative h-element\">\n                  <!---->\n                  <div class=\"h-heading__outer style-286 style-local-288-c23\">\n                    <!---->\n                    <!---->\n                    <h5 class=\"\">Opowiadanie<\/h5>\n                  <\/div>\n                <\/div>\n                <div data-colibri-id=\"288-c24\" class=\"h-global-transition-all h-heading style-287 style-local-288-c24 position-relative h-element\">\n                  <!---->\n                  <div class=\"h-heading__outer style-287 style-local-288-c24\">\n                    <!---->\n                    <!---->\n                    <h2 class=\"\">Ste\u0144ka Razin<\/h2>\n                  <\/div>\n                <\/div>\n                <div data-colibri-id=\"288-c25\" class=\"h-text h-text-component style-288 style-local-288-c25 position-relative h-element\">\n                  <!---->\n                  <!---->\n                  <div class=\"\">\n                    <p>Pewnego dnia, wiele lat temu, wchodz\u0105c do og\u00f3lnodost\u0119pnej sto\u0142\u00f3wki zobaczy\u0142em co\u015b i us\u0142ysza\u0142em. I w\u0142a\u015bnie o tym, co us\u0142ysza\u0142em i zobaczy\u0142em, opowiem wam, nie zmieniaj\u0105c imion i nazwisk.<\/p>\n                    <p>Spoza wyspy, wprost w nurt rzeki,\n                      <br>Na olbrzymi\u0105 przestrze\u0144 fal\n                      <br>Wyp\u0142ywaj\u0105 malowane\n                      <br>Ostrodziobe Cz\u00f3\u0142na&#8230;<\/p>\n                  <\/div>\n                <\/div>\n                <div data-colibri-id=\"288-c26\" class=\"h-x-container style-290 style-local-288-c26 position-relative h-element\">\n                  <!---->\n                  <div class=\"h-x-container-inner style-dynamic-288-c26-group style-290-spacing style-local-288-c26-spacing\"><span class=\"h-button__outer style-291-outer style-local-288-c27-outer d-inline-flex h-element\"><a h-use-smooth-scroll=\"true\" href=\"https:\/\/rysunek.org\/index.php\/stienka-razin\/\"  data-colibri-id=\"288-c27\" class=\"d-flex w-100 align-items-center h-button justify-content-lg-center justify-content-md-center justify-content-center style-291 style-local-288-c27 position-relative\"><!----><!----> <span>Czytaj opowiadanie<\/span><\/a>\n                    <\/span>\n                  <\/div>\n                <\/div>\n              <\/div>\n            <\/div>\n          <\/div>\n          <div class=\"h-column h-column-container d-flex h-col-lg-auto h-col-md-auto h-col-auto style-289-outer style-local-288-c28-outer\">\n            <div data-colibri-id=\"288-c28\" class=\"d-flex h-flex-basis h-column__inner h-ui-empty-state-container h-px-lg-2 h-px-md-2 h-px-2 v-inner-lg-2 v-inner-md-2 v-inner-2 style-289 style-local-288-c28 position-relative\">\n              <!---->\n              <!---->\n              <div class=\"w-100 h-y-container h-column__content h-column__v-align flex-basis-100\">\n                <!---->\n              <\/div>\n            <\/div>\n          <\/div>\n        <\/div>\n      <\/div>\n    <\/div>\n  <\/div>\n  <div data-colibri-component=\"section\" data-colibri-id=\"288-c29\" id=\"about-4\" class=\"h-section h-section-global-spacing d-flex align-items-lg-center align-items-md-center align-items-center style-305 style-local-288-c29 position-relative\">\n    <!---->\n    <!---->\n    <div class=\"h-section-grid-container h-section-boxed-container\">\n      <!---->\n      <div data-colibri-id=\"288-c30\" class=\"h-row-container gutters-row-lg-0 gutters-row-md-0 gutters-row-0 gutters-row-v-lg-0 gutters-row-v-md-0 gutters-row-v-0 style-306 style-local-288-c30 position-relative\">\n        <!---->\n        <div class=\"h-row justify-content-lg-center justify-content-md-center justify-content-center align-items-lg-stretch align-items-md-stretch align-items-stretch gutters-col-lg-0 gutters-col-md-0 gutters-col-0 gutters-col-v-lg-0 gutters-col-v-md-0 gutters-col-v-0\">\n          <!---->\n          <div class=\"h-column h-column-container d-flex h-col-lg-auto h-col-md-auto h-col-auto style-307-outer style-local-288-c31-outer\">\n            <div data-colibri-id=\"288-c31\" class=\"d-flex h-flex-basis h-column__inner h-ui-empty-state-container h-px-lg-0 h-px-md-0 h-px-0 v-inner-lg-0 v-inner-md-0 v-inner-0 style-307 style-local-288-c31 position-relative\">\n              <!---->\n              <!---->\n              <div class=\"w-100 h-y-container h-column__content h-column__v-align flex-basis-100\">\n                <!---->\n              <\/div>\n            <\/div>\n          <\/div>\n          <div class=\"h-column h-column-container d-flex h-col-lg-auto h-col-md-auto h-col-auto style-308-outer style-local-288-c32-outer\">\n            <div data-colibri-id=\"288-c32\" class=\"d-flex h-flex-basis h-column__inner h-px-lg-2 h-px-md-2 h-px-2 v-inner-lg-2 v-inner-md-2 v-inner-2 style-308 style-local-288-c32 position-relative\">\n              <!---->\n              <!---->\n              <div class=\"w-100 h-y-container h-column__content h-column__v-align flex-basis-100 align-self-lg-start align-self-md-start align-self-start\">\n                <!---->\n                <div data-colibri-id=\"288-c33\" class=\"h-global-transition-all h-heading style-309 style-local-288-c33 position-relative h-element\">\n                  <!---->\n                  <div class=\"h-heading__outer style-309 style-local-288-c33\">\n                    <!---->\n                    <!---->\n                    <h5 class=\"\">Artyku\u0142y i opowiadania<\/h5>\n                  <\/div>\n                <\/div>\n                <div data-colibri-id=\"288-c34\" class=\"h-global-transition-all h-heading style-310 style-local-288-c34 position-relative h-element\">\n                  <!---->\n                  <div class=\"h-heading__outer style-310 style-local-288-c34\">\n                    <!---->\n                    <!---->\n                    <h2 class=\"\">Elementarz<\/h2>\n                  <\/div>\n                <\/div>\n                <div data-colibri-id=\"288-c35\" class=\"h-text h-text-component style-311 style-local-288-c35 position-relative h-element\">\n                  <!---->\n                  <!---->\n                  <div class=\"\">\n                    <p>Zbi\u00f3r artyku\u0142\u00f3w i opowiada\u0144 autora. <\/p>\n                    <p>Plik PDF zawiera prace w j\u0119zyku polskim i rosyjskim.<\/p>\n                    <p>Niekt\u00f3re prace nie zosta\u0142y przet\u0142umaczone na j\u0119zyk polski.<\/p>\n                  <\/div>\n                <\/div>\n                <div data-colibri-id=\"288-c36\" class=\"h-x-container style-312 style-local-288-c36 position-relative h-element\">\n                  <!---->\n                  <div class=\"h-x-container-inner style-dynamic-288-c36-group style-312-spacing style-local-288-c36-spacing\"><span class=\"h-button__outer style-313-outer style-local-288-c37-outer d-inline-flex h-element\"><a h-use-smooth-scroll=\"true\" href=\"https:\/\/rysunek.org\/wp-content\/uploads\/2025\/10\/Elementarz.pdf\" target=\"_blank\"  data-colibri-id=\"288-c37\" class=\"d-flex w-100 align-items-center h-button justify-content-lg-center justify-content-md-center justify-content-center style-313 style-local-288-c37 position-relative\"><!----><!----> <span>Czytaj PDF<\/span><\/a>\n                    <\/span>\n                  <\/div>\n                <\/div>\n              <\/div>\n            <\/div>\n          <\/div>\n        <\/div>\n      <\/div>\n    <\/div>\n  <\/div>\n<\/div>","protected":false},"excerpt":{"rendered":"<p>Artyku\u0142 Rysunek Akademicki &#8222;Rysuje&#8221; &#8211; m\u00f3wi si\u0119 o kim\u015b, kto bior\u0105c o\u0142\u00f3wek i [&hellip;]<\/p>\n","protected":false},"author":1,"featured_media":0,"parent":0,"menu_order":0,"comment_status":"closed","ping_status":"closed","template":"page-templates\/full-width-page.php","meta":{"ngg_post_thumbnail":0,"footnotes":""},"class_list":["post-288","page","type-page","status-publish","hentry"],"_links":{"self":[{"href":"https:\/\/rysunek.org\/index.php\/wp-json\/wp\/v2\/pages\/288","targetHints":{"allow":["GET"]}}],"collection":[{"href":"https:\/\/rysunek.org\/index.php\/wp-json\/wp\/v2\/pages"}],"about":[{"href":"https:\/\/rysunek.org\/index.php\/wp-json\/wp\/v2\/types\/page"}],"author":[{"embeddable":true,"href":"https:\/\/rysunek.org\/index.php\/wp-json\/wp\/v2\/users\/1"}],"replies":[{"embeddable":true,"href":"https:\/\/rysunek.org\/index.php\/wp-json\/wp\/v2\/comments?post=288"}],"version-history":[{"count":13,"href":"https:\/\/rysunek.org\/index.php\/wp-json\/wp\/v2\/pages\/288\/revisions"}],"predecessor-version":[{"id":563,"href":"https:\/\/rysunek.org\/index.php\/wp-json\/wp\/v2\/pages\/288\/revisions\/563"}],"wp:attachment":[{"href":"https:\/\/rysunek.org\/index.php\/wp-json\/wp\/v2\/media?parent=288"}],"curies":[{"name":"wp","href":"https:\/\/api.w.org\/{rel}","templated":true}]}}